{"id":25,"date":"2023-05-28T18:48:26","date_gmt":"2023-05-28T16:48:26","guid":{"rendered":"http:\/\/brasseurs.net\/?page_id=25"},"modified":"2024-07-01T11:08:57","modified_gmt":"2024-07-01T09:08:57","slug":"fetes_2023","status":"publish","type":"page","link":"https:\/\/brasseurs.net\/index.php\/fetes_2023\/","title":{"rendered":"2024, le folklore toujours \u00e0 l&rsquo;honneur"},"content":{"rendered":"\n<p>Fort de l&rsquo;exp\u00e9rience de la centi\u00e8me \u00e9dition, la Ville souhaite mettre \u00e0 nouveau les groupes folkloriques en avant. <\/p>\n\n\n\n<p>Des milliers de participants d\u00e9fileront pour votre plus grand plaisir. Ne manquez pas de jeter un oeil au programme officiel du Comit\u00e9 Central des Quartiers Namurois, il reprend en d\u00e9tail les animations et lieux o\u00f9 elles se d\u00e9rouleront.<\/p>\n\n\n\n<p>Le Quartier des Brasseurs, sa place Maurice Servais et son Kiosque ne manqueront pas d&rsquo;en recevoir plusieurs. Cette halte sera pour eux le moment de vous faire profiter de leur savoir-faire pour vous transmettre l&rsquo;envie de danser sur des rythmes s\u00e9culaires, \u00e9couter la musique et admirer les costumes.<\/p>\n\n\n\n<p>La musique et les danses d\u00e9fileront dans tous les quartiers, venez nombreux.<\/p>\n","protected":false},"excerpt":{"rendered":"<p>Fort de l&rsquo;exp\u00e9rience de la centi\u00e8me \u00e9dition, la Ville souhaite mettre \u00e0 nouveau les groupes folkloriques en avant. Des milliers de participants d\u00e9fileront pour votre&#8230;<\/p>\n<div class=\"more-link-wrapper\"><a class=\"more-link\" href=\"https:\/\/brasseurs.net\/index.php\/fetes_2023\/\">Continuer la Lecture<span class=\"screen-reader-text\">2024, le folklore toujours \u00e0 l&rsquo;honneur<\/span><\/a><\/div>\n","protected":false},"author":1,"featured_media":0,"parent":0,"menu_order":0,"comment_status":"closed","ping_status":"closed","template":"","meta":{"footnotes":""},"_links":{"self":[{"href":"https:\/\/brasseurs.net\/index.php\/wp-json\/wp\/v2\/pages\/25"}],"collection":[{"href":"https:\/\/brasseurs.net\/index.php\/wp-json\/wp\/v2\/pages"}],"about":[{"href":"https:\/\/brasseurs.net\/index.php\/wp-json\/wp\/v2\/types\/page"}],"author":[{"embeddable":true,"href":"https:\/\/brasseurs.net\/index.php\/wp-json\/wp\/v2\/users\/1"}],"replies":[{"embeddable":true,"href":"https:\/\/brasseurs.net\/index.php\/wp-json\/wp\/v2\/comments?post=25"}],"version-history":[{"count":6,"href":"https:\/\/brasseurs.net\/index.php\/wp-json\/wp\/v2\/pages\/25\/revisions"}],"predecessor-version":[{"id":75,"href":"https:\/\/brasseurs.net\/index.php\/wp-json\/wp\/v2\/pages\/25\/revisions\/75"}],"wp:attachment":[{"href":"https:\/\/brasseurs.net\/index.php\/wp-json\/wp\/v2\/media?parent=25"}],"curies":[{"name":"wp","href":"https:\/\/api.w.org\/{rel}","templated":true}]}}