{"id":2,"date":"2021-05-29T23:13:30","date_gmt":"2021-05-29T21:13:30","guid":{"rendered":"http:\/\/brasseurs.net\/?page_id=2"},"modified":"2023-05-28T12:02:13","modified_gmt":"2023-05-28T10:02:13","slug":"page-d-exemple","status":"publish","type":"page","link":"https:\/\/brasseurs.net\/","title":{"rendered":"Historique"},"content":{"rendered":"\n<p>Le quartier des Brasseurs doit son nom aux nombreuses brasseries qui, profitant de la proximit\u00e9 de la Sambre, s\u2019install\u00e8rent jadis \u00e0 la Rue des Vis (du latin vicus \u2013 bourg).<\/p>\n\n\n\n<p>Parall\u00e8lement \u00e0 ces brasseries se sont d\u00e9velopp\u00e9s une halle aux grains et des moulins hydrauliques&nbsp;: le moulin de la batte, le moulin de la ruelle et le moulin du bassin. Le quartier subit en 1866 une pand\u00e9mie de chol\u00e9ra.<\/p>\n\n\n\n<p>Un vaste plan de r\u00e9novation des habitations a \u00e9t\u00e9 entrepris par la Ville de Namur et vous pouvez admirer les jolies fa\u00e7ades en faisant une ballade sur la Sambre \u00e0 bord de la Namourette. Il faut maintenant compter dans ce quartier de nombreux petits restaurants avec une carte offrant des produits du terroir.<\/p>\n\n\n\n<p>Dans ce quartier, vous pouvez aussi vous rendre \u00e0 la maison du conte ou \u00e0 la maison de la po\u00e9sie.&nbsp; Si vous d\u00e9sirez vous rendre \u00e0 la citadelle, le t\u00e9l\u00e9ph\u00e9rique vous accueillera Place Maurice Servais o\u00f9 un nouveau kiosque avec des animations diverses vous attendra sur une place ouverte et conviviale.<\/p>\n\n\n\n<p>Pendant les f\u00eates de Wallonie, des groupes itin\u00e9rants vous pr\u00e9senteront leur r\u00e9pertoire dans les rues du quartier.<\/p>\n\n\n\n<p>Le comit\u00e9 namurois du Quartier des Brasseurs attribue chaque ann\u00e9e le Prix Franz Eloy, du nom de son pr\u00e9sident pr\u00e9c\u00e9dent. Il revient \u00e0 une personne ou un groupement attach\u00e9 aux f\u00eates de Wallonie et au quartier des Brasseurs (fid\u00e9lit\u00e9, amiti\u00e9, etc\u2026).<\/p>\n\n\n\n<p>N\u2019oublions pas bien \u00e9videmment la traditionnelle \u00ab&nbsp;route du peket&nbsp;\u00bb effectu\u00e9e en deux parties, l\u2019une nautique, l\u2019autre p\u00e9destre et sur r\u00e9servation uniquement. Les premiers inscrits seront les plus chanceux.<\/p>\n\n\n\n<p>Allez, une bonne dose de musique, un bon petit verre entre amis, quelques anecdotes et les f\u00eates peuvent commencer&nbsp;!<\/p>\n","protected":false},"excerpt":{"rendered":"<p>Le quartier des Brasseurs doit son nom aux nombreuses brasseries qui, profitant de la proximit\u00e9 de la Sambre, s\u2019install\u00e8rent jadis \u00e0 la Rue des Vis&#8230;<\/p>\n<div class=\"more-link-wrapper\"><a class=\"more-link\" href=\"https:\/\/brasseurs.net\/\">Continuer la Lecture<span class=\"screen-reader-text\">Historique<\/span><\/a><\/div>\n","protected":false},"author":1,"featured_media":0,"parent":0,"menu_order":0,"comment_status":"closed","ping_status":"open","template":"","meta":{"footnotes":""},"_links":{"self":[{"href":"https:\/\/brasseurs.net\/index.php\/wp-json\/wp\/v2\/pages\/2"}],"collection":[{"href":"https:\/\/brasseurs.net\/index.php\/wp-json\/wp\/v2\/pages"}],"about":[{"href":"https:\/\/brasseurs.net\/index.php\/wp-json\/wp\/v2\/types\/page"}],"author":[{"embeddable":true,"href":"https:\/\/brasseurs.net\/index.php\/wp-json\/wp\/v2\/users\/1"}],"replies":[{"embeddable":true,"href":"https:\/\/brasseurs.net\/index.php\/wp-json\/wp\/v2\/comments?post=2"}],"version-history":[{"count":1,"href":"https:\/\/brasseurs.net\/index.php\/wp-json\/wp\/v2\/pages\/2\/revisions"}],"predecessor-version":[{"id":24,"href":"https:\/\/brasseurs.net\/index.php\/wp-json\/wp\/v2\/pages\/2\/revisions\/24"}],"wp:attachment":[{"href":"https:\/\/brasseurs.net\/index.php\/wp-json\/wp\/v2\/media?parent=2"}],"curies":[{"name":"wp","href":"https:\/\/api.w.org\/{rel}","templated":true}]}}